{"id":1597,"date":"2024-10-26T03:09:57","date_gmt":"2024-10-26T03:09:57","guid":{"rendered":"https:\/\/vietnamtravel.fun\/about-us\/"},"modified":"2024-10-27T03:58:58","modified_gmt":"2024-10-27T03:58:58","slug":"about-us","status":"publish","type":"page","link":"https:\/\/vkenc.com\/vi\/about-us\/","title":{"rendered":"Gi\u1edbi thi\u1ec7u"},"content":{"rendered":"<div  class='avia-slideshow av-m2ojamql-090b44c524ee5c30dde57f816c6ff089 avia-slideshow-featured_large av_slideshow avia-fade-slider  avia-builder-el-0  el_before_av_one_full  avia-builder-el-first  av-slideshow-ui av-control-default av-slideshow-autoplay av-loop-endless av-loop-manual-endless av-default-height-applied avia-slideshow-1' data-slideshow-options=\"{&quot;animation&quot;:&quot;fade&quot;,&quot;autoplay&quot;:true,&quot;loop_autoplay&quot;:&quot;endless&quot;,&quot;interval&quot;:5,&quot;loop_manual&quot;:&quot;manual-endless&quot;,&quot;autoplay_stopper&quot;:false,&quot;noNavigation&quot;:false,&quot;bg_slider&quot;:false,&quot;keep_padding&quot;:false,&quot;hoverpause&quot;:false,&quot;show_slide_delay&quot;:0}\"  itemprop=\"image\" itemscope=\"itemscope\" itemtype=\"https:\/\/schema.org\/ImageObject\" ><ul class='avia-slideshow-inner ' style='padding-bottom: 42%;'><li  class='avia-slideshow-slide av-m2ojamql-090b44c524ee5c30dde57f816c6ff089__0  slide-1 slide-odd'><div data-rel='slideshow-1' class='avia-slide-wrap '   ><img decoding=\"async\" fetchpriority=\"high\" class=\"wp-image-1163 avia-img-lazy-loading-not-1163\"  src=\"https:\/\/vkenc.com\/wp-content\/uploads\/2024\/10\/About_title_1.jpg\" width=\"1500\" height=\"630\" title='About_title_1' alt=''  itemprop=\"thumbnailUrl\" srcset=\"https:\/\/vkenc.com\/wp-content\/uploads\/2024\/10\/About_title_1.jpg 1500w, https:\/\/vkenc.com\/wp-content\/uploads\/2024\/10\/About_title_1-300x126.jpg 300w, https:\/\/vkenc.com\/wp-content\/uploads\/2024\/10\/About_title_1-1030x433.jpg 1030w, https:\/\/vkenc.com\/wp-content\/uploads\/2024\/10\/About_title_1-768x323.jpg 768w, https:\/\/vkenc.com\/wp-content\/uploads\/2024\/10\/About_title_1-705x296.jpg 705w\" sizes=\"(max-width: 1500px) 100vw, 1500px\" \/><\/div><\/li><li  class='avia-slideshow-slide av-m2ojamql-090b44c524ee5c30dde57f816c6ff089__1  slide-2 slide-even'><div data-rel='slideshow-1' class='avia-slide-wrap '   ><img decoding=\"async\" fetchpriority=\"high\" class=\"wp-image-1167 avia-img-lazy-loading-not-1167\"  src=\"https:\/\/vkenc.com\/wp-content\/uploads\/2024\/10\/About_title_2.jpg\" width=\"1500\" height=\"630\" title='About_title_2' alt=''  itemprop=\"thumbnailUrl\" srcset=\"https:\/\/vkenc.com\/wp-content\/uploads\/2024\/10\/About_title_2.jpg 1500w, https:\/\/vkenc.com\/wp-content\/uploads\/2024\/10\/About_title_2-300x126.jpg 300w, https:\/\/vkenc.com\/wp-content\/uploads\/2024\/10\/About_title_2-1030x433.jpg 1030w, https:\/\/vkenc.com\/wp-content\/uploads\/2024\/10\/About_title_2-768x323.jpg 768w, https:\/\/vkenc.com\/wp-content\/uploads\/2024\/10\/About_title_2-705x296.jpg 705w\" sizes=\"(max-width: 1500px) 100vw, 1500px\" \/><\/div><\/li><li  class='avia-slideshow-slide av-m2ojamql-090b44c524ee5c30dde57f816c6ff089__2  slide-3 slide-odd'><div data-rel='slideshow-1' class='avia-slide-wrap '   ><img decoding=\"async\" fetchpriority=\"high\" class=\"wp-image-1171 avia-img-lazy-loading-not-1171\"  src=\"https:\/\/vkenc.com\/wp-content\/uploads\/2024\/10\/About_title_3.jpg\" width=\"1500\" height=\"630\" title='About_title_3' alt=''  itemprop=\"thumbnailUrl\" srcset=\"https:\/\/vkenc.com\/wp-content\/uploads\/2024\/10\/About_title_3.jpg 1500w, https:\/\/vkenc.com\/wp-content\/uploads\/2024\/10\/About_title_3-300x126.jpg 300w, https:\/\/vkenc.com\/wp-content\/uploads\/2024\/10\/About_title_3-1030x433.jpg 1030w, https:\/\/vkenc.com\/wp-content\/uploads\/2024\/10\/About_title_3-768x323.jpg 768w, https:\/\/vkenc.com\/wp-content\/uploads\/2024\/10\/About_title_3-705x296.jpg 705w\" sizes=\"(max-width: 1500px) 100vw, 1500px\" \/><\/div><\/li><li  class='avia-slideshow-slide av-m2ojamql-090b44c524ee5c30dde57f816c6ff089__3  slide-4 slide-even'><div data-rel='slideshow-1' class='avia-slide-wrap '   ><img decoding=\"async\" fetchpriority=\"high\" class=\"wp-image-1175 avia-img-lazy-loading-not-1175\"  src=\"https:\/\/vkenc.com\/wp-content\/uploads\/2024\/10\/About_title_4.jpg\" width=\"1500\" height=\"630\" title='About_title_4' alt=''  itemprop=\"thumbnailUrl\" srcset=\"https:\/\/vkenc.com\/wp-content\/uploads\/2024\/10\/About_title_4.jpg 1500w, https:\/\/vkenc.com\/wp-content\/uploads\/2024\/10\/About_title_4-300x126.jpg 300w, https:\/\/vkenc.com\/wp-content\/uploads\/2024\/10\/About_title_4-1030x433.jpg 1030w, https:\/\/vkenc.com\/wp-content\/uploads\/2024\/10\/About_title_4-768x323.jpg 768w, https:\/\/vkenc.com\/wp-content\/uploads\/2024\/10\/About_title_4-705x296.jpg 705w\" sizes=\"(max-width: 1500px) 100vw, 1500px\" \/><\/div><\/li><li  class='avia-slideshow-slide av-m2ojamql-090b44c524ee5c30dde57f816c6ff089__4  slide-5 slide-odd'><div data-rel='slideshow-1' class='avia-slide-wrap '   ><img decoding=\"async\" fetchpriority=\"high\" class=\"wp-image-1179 avia-img-lazy-loading-not-1179\"  src=\"https:\/\/vkenc.com\/wp-content\/uploads\/2024\/10\/About_title_5.jpg\" width=\"1500\" height=\"630\" title='About_title_5' alt=''  itemprop=\"thumbnailUrl\" srcset=\"https:\/\/vkenc.com\/wp-content\/uploads\/2024\/10\/About_title_5.jpg 1500w, https:\/\/vkenc.com\/wp-content\/uploads\/2024\/10\/About_title_5-300x126.jpg 300w, https:\/\/vkenc.com\/wp-content\/uploads\/2024\/10\/About_title_5-1030x433.jpg 1030w, https:\/\/vkenc.com\/wp-content\/uploads\/2024\/10\/About_title_5-768x323.jpg 768w, https:\/\/vkenc.com\/wp-content\/uploads\/2024\/10\/About_title_5-705x296.jpg 705w\" sizes=\"(max-width: 1500px) 100vw, 1500px\" \/><\/div><\/li><li  class='avia-slideshow-slide av-m2ojamql-090b44c524ee5c30dde57f816c6ff089__5  slide-6 slide-even'><div data-rel='slideshow-1' class='avia-slide-wrap '   ><img decoding=\"async\" fetchpriority=\"high\" class=\"wp-image-1183 avia-img-lazy-loading-not-1183\"  src=\"https:\/\/vkenc.com\/wp-content\/uploads\/2024\/10\/About_title_6.jpg\" width=\"1500\" height=\"630\" title='About_title_6' alt=''  itemprop=\"thumbnailUrl\" srcset=\"https:\/\/vkenc.com\/wp-content\/uploads\/2024\/10\/About_title_6.jpg 1500w, https:\/\/vkenc.com\/wp-content\/uploads\/2024\/10\/About_title_6-300x126.jpg 300w, https:\/\/vkenc.com\/wp-content\/uploads\/2024\/10\/About_title_6-1030x433.jpg 1030w, https:\/\/vkenc.com\/wp-content\/uploads\/2024\/10\/About_title_6-768x323.jpg 768w, https:\/\/vkenc.com\/wp-content\/uploads\/2024\/10\/About_title_6-705x296.jpg 705w\" sizes=\"(max-width: 1500px) 100vw, 1500px\" \/><\/div><\/li><\/ul><div class='avia-slideshow-arrows avia-slideshow-controls' ><a href='#prev' class='prev-slide ' aria-hidden='true' data-av_icon='\ue87c' data-av_iconfont='entypo-fontello'  tabindex='-1'>Previous<\/a><a href='#next' class='next-slide ' aria-hidden='true' data-av_icon='\ue87d' data-av_iconfont='entypo-fontello'  tabindex='-1'>Next<\/a><\/div><div class='avia-slideshow-dots avia-slideshow-controls'><a href='#1' class='goto-slide active' >1<\/a><a href='#2' class='goto-slide ' >2<\/a><a href='#3' class='goto-slide ' >3<\/a><a href='#4' class='goto-slide ' >4<\/a><a href='#5' class='goto-slide ' >5<\/a><a href='#6' class='goto-slide ' >6<\/a><\/div><\/div>\n<div  class='flex_column av-6ba92r-f8dbbeaaba2fe9639f0966e528f66598 av_one_full  avia-builder-el-1  el_after_av_slideshow  el_before_av_one_half  first flex_column_div  '     ><p>\n<style type=\"text\/css\" data-created_by=\"avia_inline_auto\" id=\"style-css-av-m2oj071h-efea1ac562b5714b7c09ccb1c64a1699\">\n#top .av-special-heading.av-m2oj071h-efea1ac562b5714b7c09ccb1c64a1699{\npadding-bottom:10px;\n}\nbody .av-special-heading.av-m2oj071h-efea1ac562b5714b7c09ccb1c64a1699 .av-special-heading-tag .heading-char{\nfont-size:25px;\n}\n.av-special-heading.av-m2oj071h-efea1ac562b5714b7c09ccb1c64a1699 .av-subheading{\nfont-size:15px;\n}\n<\/style>\n<div  class='av-special-heading av-m2oj071h-efea1ac562b5714b7c09ccb1c64a1699 av-special-heading-h2 blockquote modern-quote  avia-builder-el-2  el_before_av_hr  avia-builder-el-first '><h2 class='av-special-heading-tag '  itemprop=\"headline\"  >Gi\u1edbi thi\u1ec7u<\/h2><div class=\"special-heading-border\"><div class=\"special-heading-inner-border\"><\/div><\/div><\/div><br \/>\n\n<style type=\"text\/css\" data-created_by=\"avia_inline_auto\" id=\"style-css-av-m2oj1css-a32e44653aa7acca03611a436fda7a30\">\n#top .hr.av-m2oj1css-a32e44653aa7acca03611a436fda7a30{\nmargin-top:10px;\nmargin-bottom:10px;\n}\n.hr.av-m2oj1css-a32e44653aa7acca03611a436fda7a30 .hr-inner{\nwidth:50px;\nborder-color:#efbb20;\n}\n<\/style>\n<div  class='hr av-m2oj1css-a32e44653aa7acca03611a436fda7a30 hr-custom  avia-builder-el-3  el_after_av_heading  avia-builder-el-last  hr-left hr-icon-no'><span class='hr-inner inner-border-av-border-fat'><span class=\"hr-inner-style\"><\/span><\/span><\/div><\/p><\/div><div  class='flex_column av-4egr9f-360e17875cb4b0dbba474b6b83d325b3 av_one_half  avia-builder-el-4  el_after_av_one_full  el_before_av_one_half  first flex_column_div  column-top-margin'     ><section  class='av_textblock_section av-m2oj2qc5-85f5ce7da401c71de3c1a667b1803a25 '   itemscope=\"itemscope\" itemtype=\"https:\/\/schema.org\/CreativeWork\" ><div class='avia_textblock'  itemprop=\"text\" ><div class=\"av-special-heading av-kywdc8qo-a711fb9ee805f29ca2aba0736ad688ed av-special-heading-h4 blockquote modern-quote avia-builder-el-5 el_before_av_textblock avia-builder-el-first \">\n<div class=\"av-special-heading av-kywdc8qo-899cfea53966ead3bee94ae7c54eef21 av-special-heading-h4 blockquote modern-quote  avia-builder-el-5  el_before_av_textblock  avia-builder-el-first \">\n<h4 class=\"av-special-heading-tag\">NHI\u1ec6M V\u1ee4<\/h4>\n<\/div>\n<section class=\"av_textblock_section av-1yjoco-c3a4172a3160ba702a180cd9b1a4f07d\">\n<div class=\"avia_textblock\">\n<p>\u2022 \u0110\u1ed1i v\u1edbi kh\u00e1ch h\u00e0ng<br \/>\nVK cam k\u1ebft mang t\u1edbi cho kh\u00e1ch h\u00e0ng d\u1ecbch v\u1ee5 ch\u1ea5t l\u01b0\u1ee3ng t\u1ed1t nh\u1ea5t tr\u00ean c\u01a1 s\u1edf t\u1ed1i \u01b0u h\u00f3a gi\u00e1 tr\u1ecb b\u1eb1ng vi\u1ec7c \u1ee9ng d\u1ee5ng c\u00f4ng ngh\u1ec7 v\u00e0 ph\u01b0\u01a1ng th\u1ee9c qu\u1ea3n l\u00fd hi\u1ec7n \u0111\u1ea1i, ti\u00ean ti\u1ebfn.\u200b<\/p>\n<p>\u2022 \u0110\u1ed1i v\u1edbi n\u1ed9i b\u1ed9<br \/>\nVK lu\u00f4n t\u1ea1o m\u00f4i tr\u01b0\u1eddng l\u00e0m vi\u1ec7c th\u00e2n thi\u1ec7n, c\u00f4ng b\u1eb1ng. C\u00f4ng ty \u01b0u ti\u00ean s\u1ef1 \u201can c\u01b0 l\u1ea1c nghi\u1ec7p\u201d c\u1ee7a c\u00e1n b\u1ed9 nh\u00e2n vi\u00ean. T\u1ea1o \u0111i\u1ec1u ki\u1ec7n \u0111\u1ec3 nh\u00e2n vi\u00ean ph\u00e1t huy t\u1ed1i \u0111a n\u0103ng l\u1ef1c, th\u1ebf m\u1ea1nh.\u200b<\/p>\n<p>\u2022 \u0110\u1ed1i v\u1edbi c\u1ed9ng \u0111\u1ed3ng<br \/>\nVK n\u1ed7 l\u1ef1c n\u00e2ng cao ch\u1ea5t l\u01b0\u1ee3ng cu\u1ed9c s\u1ed1ng cho c\u1ed9ng \u0111\u1ed3ng, b\u1ea3o v\u1ec7 m\u00f4i tr\u01b0\u1eddng v\u00e0 g\u00f3p ph\u1ea7n v\u00e0o s\u1ef1 ph\u00e1t tri\u1ec3n th\u1ecbnh v\u01b0\u1ee3ng chung c\u1ee7a \u0111\u1ea5t n\u01b0\u1edbc.<\/p>\n<\/div>\n<\/section>\n<\/div>\n<section class=\"av_textblock_section av-1yjoco-c3a4172a3160ba702a180cd9b1a4f07d\">\n<div class=\"avia_textblock\"><\/div>\n<\/section>\n<\/div><\/section><\/div><div  class='flex_column av-5jyvvj-7a0457d61aca6cdf76a3bdb57cc71342 av_one_half  avia-builder-el-6  el_after_av_one_half  el_before_av_one_half  flex_column_div  column-top-margin'     ><section  class='av_textblock_section av-m2pkictj-3cb8cc6348df6c9dfb55dc905e5e2840 '   itemscope=\"itemscope\" itemtype=\"https:\/\/schema.org\/CreativeWork\" ><div class='avia_textblock'  itemprop=\"text\" ><div class=\"av-special-heading av-kywdcg3b-0a2e593ad28c971ece7d89972f68d236 av-special-heading-h4 blockquote modern-quote avia-builder-el-8 el_before_av_textblock avia-builder-el-first \">\n<div class=\"av-special-heading av-kywdcg3b-920e4145465ed7d4a3ba185ed90dfaa4 av-special-heading-h4 blockquote modern-quote  avia-builder-el-8  el_before_av_textblock  avia-builder-el-first \">\n<h4 class=\"av-special-heading-tag\">GI\u00c1 TR\u1eca C\u1ed0T L\u00d5I<\/h4>\n<\/div>\n<section class=\"av_textblock_section av-1kxnx4-10f36336f822c4de6fd47ed55e481320\">\n<div class=\"avia_textblock\">\n<p>\u2022 Ch\u1ea5t l\u01b0\u1ee3ng<br \/>\nVK lu\u00f4n \u0111\u1eb7t ch\u1ea5t l\u01b0\u1ee3ng c\u00f4ng tr\u00ecnh l\u00e0 \u01b0u ti\u00ean s\u1ed1 1. C\u00f4ng ty cam k\u1ebft \u0111em \u0111\u1ebfn cho kh\u00e1ch h\u00e0ng s\u1ef1 an t\u00e2m tuy\u1ec7t \u0111\u1ed1i khi h\u1ee3p t\u00e1c.<\/p>\n<p>\u2022 Uy t\u00edn<br \/>\nL\u1ea5y ch\u1eef \u201cT\u00edn\u201d l\u00e0m uy t\u00edn th\u01b0\u01a1ng hi\u1ec7u, l\u1ea5y \u201cl\u01b0\u01a1ng t\u00e2m\u201d l\u00e0m th\u01b0\u1edbc \u0111o, l\u1ea5y \u201ctr\u00ed tu\u1ec7\u201d l\u00e0m n\u1ec1n t\u1ea3ng cho s\u1ef1 ph\u00e1t tri\u1ec3n.\u200b<\/p>\n<p>\u2022 S\u00e1ng t\u1ea1o<br \/>\nVK kh\u00f4ng ng\u1eebng h\u1ecdc h\u1ecfi, nghi\u00ean c\u1ee9u v\u00e0 s\u00e1ng t\u1ea1o \u0111\u1ec3 \u0111\u01b0a ra gi\u1ea3i ph\u00e1p x\u00e2y d\u1ef1ng ch\u1ea5t l\u01b0\u1ee3ng, hi\u1ec7u qu\u1ea3, th\u00e2n thi\u1ec7n v\u1edbi m\u00f4i tr\u01b0\u1eddng.<\/p>\n<p>\u2022 T\u1ed1i \u01b0u h\u00f3a gi\u00e1 tr\u1ecb<br \/>\nVK cam k\u1ebft t\u1ed1i \u01b0u h\u00f3a c\u00e1c kho\u1ea3n \u0111\u1ea7u t\u01b0 c\u1ee7a kh\u00e1ch h\u00e0ng b\u1eb1ng vi\u1ec7c \u00e1p d\u1ee5ng bi\u1ec7n ph\u00e1p thi c\u00f4ng hi\u1ec7n \u0111\u1ea1i, hi\u1ec7u qu\u1ea3, ch\u1ee7 \u0111\u1ed9ng \u0111\u1ec1 xu\u1ea5t s\u1eed d\u1ee5ng nguy\u00ean v\u1eadt li\u1ec7u m\u1edbi v\u00e0o qu\u00e1 tr\u00ecnh x\u00e2y d\u1ef1ng.\u200b<\/p>\n<\/div>\n<\/section>\n<\/div>\n<section class=\"av_textblock_section av-1kxnx4-10f36336f822c4de6fd47ed55e481320\">\n<div class=\"avia_textblock\"><\/div>\n<\/section>\n<\/div><\/section><\/div><div  class='flex_column av-d0k7j-9a4dcfe359d7874914ccecdb1df3b38c av_one_half  avia-builder-el-8  el_after_av_one_half  el_before_av_one_half  first flex_column_div  column-top-margin'     ><section  class='av_textblock_section av-m2pkiqwh-3492f823564a9dd3ef4e9f0e83286cad '   itemscope=\"itemscope\" itemtype=\"https:\/\/schema.org\/CreativeWork\" ><div class='avia_textblock'  itemprop=\"text\" ><div class=\"av-special-heading av-1bf4wg-17020688f21dfaccc9d56ce3d6fb6b54 av-special-heading-h4 blockquote modern-quote avia-builder-el-11 el_before_av_textblock avia-builder-el-first \">\n<div class=\"av-special-heading av-1bf4wg-e578dbfa1082be7a01ee7c9f52873c55 av-special-heading-h4 blockquote modern-quote  avia-builder-el-11  el_before_av_textblock  avia-builder-el-first \">\n<h4 class=\"av-special-heading-tag\">T\u1ea6M NH\u00ccN<\/h4>\n<\/div>\n<section class=\"av_textblock_section av-wv9c0-c0db54bafa7364b76fbce247ce43e853\">\n<div class=\"avia_textblock\">\n<p>\u2022 VK \u0111ang t\u1eebng b\u01b0\u1edbc ph\u1ea5n \u0111\u1ea5u h\u01b0\u1edbng t\u1edbi m\u1ee5c ti\u00eau tr\u1edf th\u00e0nh nh\u00e0 th\u1ea7u x\u00e2y d\u1ef1ng h\u00e0ng \u0111\u1ea7u t\u1ea1i Vi\u1ec7t Nam v\u00e0 v\u01b0\u01a1n t\u1ea7m qu\u1ed1c t\u1ebf.\u200b<br \/>\n\u2022 Thi\u1ebft l\u1eadp m\u00f4i tr\u01b0\u1eddng l\u00e0m vi\u1ec7c m\u01a1 \u01b0\u1edbc cho to\u00e0n th\u1ec3 nh\u00e2n s\u1ef1.\u200b<\/p>\n<\/div>\n<\/section>\n<\/div>\n<section class=\"av_textblock_section av-wv9c0-c0db54bafa7364b76fbce247ce43e853\">\n<div class=\"avia_textblock\"><\/div>\n<\/section>\n<\/div><\/section><br \/>\n\n<style type=\"text\/css\" data-created_by=\"avia_inline_auto\" id=\"style-css-av-m2pkzkvm-ea6ec1cf6bdfbe9a06834ff367cca4d9\">\n.avia-image-container.av-m2pkzkvm-ea6ec1cf6bdfbe9a06834ff367cca4d9 img.avia_image{\nbox-shadow:none;\n}\n.avia-image-container.av-m2pkzkvm-ea6ec1cf6bdfbe9a06834ff367cca4d9 .av-image-caption-overlay-center{\ncolor:#ffffff;\n}\n<\/style>\n<div  class='avia-image-container av-m2pkzkvm-ea6ec1cf6bdfbe9a06834ff367cca4d9 av-styling- avia-align-center  avia-builder-el-10  el_after_av_textblock  avia-builder-el-last '   itemprop=\"image\" itemscope=\"itemscope\" itemtype=\"https:\/\/schema.org\/ImageObject\" ><div class=\"avia-image-container-inner\"><div class=\"avia-image-overlay-wrap\"><img decoding=\"async\" fetchpriority=\"high\" class='wp-image-1219 avia-img-lazy-loading-not-1219 avia_image ' src=\"https:\/\/vkenc.com\/wp-content\/uploads\/2024\/10\/MGS_9581-495x400-1.jpg\" alt='' title='MGS_9581-495x400'  height=\"400\" width=\"495\"  itemprop=\"thumbnailUrl\" srcset=\"https:\/\/vkenc.com\/wp-content\/uploads\/2024\/10\/MGS_9581-495x400-1.jpg 495w, https:\/\/vkenc.com\/wp-content\/uploads\/2024\/10\/MGS_9581-495x400-1-300x242.jpg 300w\" sizes=\"(max-width: 495px) 100vw, 495px\" \/><\/div><\/div><\/div><\/p><\/div><div  class='flex_column av-2ccahb-4b152eb24f47191e0ada3e4e496f5853 av_one_half  avia-builder-el-11  el_after_av_one_half  el_before_av_heading  flex_column_div  column-top-margin'     ><section  class='av_textblock_section av-m2pkjsz5-dff3764f925f3b84cef28e009df2fc15 '   itemscope=\"itemscope\" itemtype=\"https:\/\/schema.org\/CreativeWork\" ><div class='avia_textblock'  itemprop=\"text\" ><div class=\"av-special-heading av-1bf4wg-17020688f21dfaccc9d56ce3d6fb6b54 av-special-heading-h4 blockquote modern-quote avia-builder-el-11 el_before_av_textblock avia-builder-el-first \">\n<div class=\"av-special-heading av-kywcu76k-88f49df9cde1f17044dcb09373643692 av-special-heading-h4 blockquote modern-quote avia-builder-el-18 el_before_av_textblock avia-builder-el-first \">\n<div class=\"av-special-heading av-kywcu76k-e5333e0c8de338883bd9f87d0077002d av-special-heading-h4 blockquote modern-quote  avia-builder-el-18  el_before_av_textblock  avia-builder-el-first \">\n<h4 class=\"av-special-heading-tag\">V\u0102N H\u00d3A DOANH NGHI\u1ec6P<\/h4>\n<\/div>\n<section class=\"av_textblock_section av-bf7co-51f02d8aabb4d4923d3b0269e0da43c5\">\n<div class=\"avia_textblock\">\n<p>T\u1ea5t c\u1ea3 quy\u1ebft \u0111\u1ecbnh c\u1ee7a VK d\u1ef1a tr\u00ean c\u01a1 s\u1edf li\u00eam ch\u00ednh, ch\u00e2n th\u00e0nh. C\u00f4ng ty khuy\u1ebfn kh\u00edch s\u1ef1 c\u1edfi m\u1edf trong giao ti\u1ebfp gi\u1eefa c\u00f4ng ty v\u1edbi c\u00e1c \u0111\u1ed1i t\u00e1c, kh\u00e1ch h\u00e0ng v\u00e0 trong n\u1ed9i b\u1ed9 nh\u00e2n s\u1ef1, nh\u1eb1m h\u01b0\u1edbng t\u1edbi c\u00e1c m\u1ee5c ti\u00eau c\u1ee7a chi\u1ebfn l\u01b0\u1ee3c ph\u00e1t tri\u1ec3n chung.<\/p>\n<\/div>\n<\/section>\n<\/div>\n<section class=\"av_textblock_section av-bf7co-51f02d8aabb4d4923d3b0269e0da43c5\">\n<div class=\"avia_textblock\"><\/div>\n<\/section>\n<\/div>\n<section class=\"av_textblock_section av-wv9c0-c0db54bafa7364b76fbce247ce43e853\">\n<div class=\"avia_textblock\"><\/div>\n<\/section>\n<\/div><\/section><br \/>\n\n<style type=\"text\/css\" data-created_by=\"avia_inline_auto\" id=\"style-css-av-m2pl1hya-bbb050461690c13813bb0468a221f23e\">\n.avia-image-container.av-m2pl1hya-bbb050461690c13813bb0468a221f23e img.avia_image{\nbox-shadow:none;\n}\n.avia-image-container.av-m2pl1hya-bbb050461690c13813bb0468a221f23e .av-image-caption-overlay-center{\ncolor:#ffffff;\n}\n<\/style>\n<div  class='avia-image-container av-m2pl1hya-bbb050461690c13813bb0468a221f23e av-styling- avia-align-center  avia-builder-el-13  el_after_av_textblock  avia-builder-el-last '   itemprop=\"image\" itemscope=\"itemscope\" itemtype=\"https:\/\/schema.org\/ImageObject\" ><div class=\"avia-image-container-inner\"><div class=\"avia-image-overlay-wrap\"><img decoding=\"async\" fetchpriority=\"high\" class='wp-image-1223 avia-img-lazy-loading-not-1223 avia_image ' src=\"https:\/\/vkenc.com\/wp-content\/uploads\/2024\/10\/TD_0626-495x400.jpg\" alt='' title='_TD_0626'  height=\"400\" width=\"495\"  itemprop=\"thumbnailUrl\" srcset=\"https:\/\/vkenc.com\/wp-content\/uploads\/2024\/10\/TD_0626-495x400.jpg 495w, https:\/\/vkenc.com\/wp-content\/uploads\/2024\/10\/TD_0626-845x684.jpg 845w\" sizes=\"(max-width: 495px) 100vw, 495px\" \/><\/div><\/div><\/div><\/p><\/div>\n<style type=\"text\/css\" data-created_by=\"avia_inline_auto\" id=\"style-css-av-m2pkmwmq-24292ef88fe85fb306d552bfc33c471a\">\n#top .av-special-heading.av-m2pkmwmq-24292ef88fe85fb306d552bfc33c471a{\npadding-bottom:10px;\n}\nbody .av-special-heading.av-m2pkmwmq-24292ef88fe85fb306d552bfc33c471a .av-special-heading-tag .heading-char{\nfont-size:25px;\n}\n.av-special-heading.av-m2pkmwmq-24292ef88fe85fb306d552bfc33c471a .av-subheading{\nfont-size:15px;\n}\n<\/style>\n<div  class='av-special-heading av-m2pkmwmq-24292ef88fe85fb306d552bfc33c471a av-special-heading-h3 blockquote modern-quote modern-centered  avia-builder-el-14  el_after_av_one_half  el_before_av_hr '><h3 class='av-special-heading-tag '  itemprop=\"headline\"  >TH\u00c0NH VI\u00caN C\u1ee6A CH\u00daNG T\u00d4I<\/h3><div class=\"special-heading-border\"><div class=\"special-heading-inner-border\"><\/div><\/div><\/div><\/p>\n\n<style type=\"text\/css\" data-created_by=\"avia_inline_auto\" id=\"style-css-av-m2pllniw-0f8cdd5770bdb7bcff11b9ac5863eb2c\">\n#top .hr.av-m2pllniw-0f8cdd5770bdb7bcff11b9ac5863eb2c{\nmargin-top:10px;\nmargin-bottom:10px;\n}\n.hr.av-m2pllniw-0f8cdd5770bdb7bcff11b9ac5863eb2c .hr-inner{\nwidth:50px;\nborder-color:#efbb20;\n}\n<\/style>\n<div  class='hr av-m2pllniw-0f8cdd5770bdb7bcff11b9ac5863eb2c hr-custom  avia-builder-el-15  el_after_av_heading  el_before_av_partner  hr-center hr-icon-no'><span class='hr-inner inner-border-av-border-fat'><span class=\"hr-inner-style\"><\/span><\/span><\/div>\n<div  class='avia-logo-element-container av-m2pkxjvl-bf2abcbc7bc2f3c03e5e5ae4c4605868 avia-logo-grid avia-content-slider avia-smallarrow-slider avia-content-grid-active noHover avia-content-slider-even  avia-builder-el-16  el_after_av_hr  avia-builder-el-last  avia-content-slider1' ><div class='avia-smallarrow-slider-heading  no-logo-slider-heading '><div class='new-special-heading'>&nbsp;<\/div><\/div><div class=\"avia-content-slider-inner\"><div class=\"slide-entry-wrap\"><div data-avia-tooltip=\"VK Investment & Consultancy Co., Ltd\" class='slide-entry av-m2pkvznt-326ee5f309a58a680e2325c6cf470112 flex_column no_margin av_one_fourth real-thumbnail post-entry slide-entry-overview slide-loop-1 slide-parity-odd  first'><img decoding=\"async\" fetchpriority=\"high\" width=\"80\" height=\"80\" src=\"https:\/\/vkenc.com\/wp-content\/uploads\/2024\/10\/VK-consulting-1-80x80-1.png\" class=\"wp-image-1236 avia-img-lazy-loading-not-1236 attachment-no scaling size-no scaling\" alt=\"\" srcset=\"https:\/\/vkenc.com\/wp-content\/uploads\/2024\/10\/VK-consulting-1-80x80-1.png 80w, https:\/\/vkenc.com\/wp-content\/uploads\/2024\/10\/VK-consulting-1-80x80-1-36x36.png 36w\" sizes=\"(max-width: 80px) 100vw, 80px\" \/><\/div><div data-avia-tooltip=\"VK Construction  &  Investment Co., Ltd\" class='slide-entry av-m2pkwvah-98072631d1c9d67b70935486c32bc450 flex_column no_margin av_one_fourth real-thumbnail post-entry slide-entry-overview slide-loop-2 slide-parity-even  '><img decoding=\"async\" fetchpriority=\"high\" width=\"80\" height=\"80\" src=\"https:\/\/vkenc.com\/wp-content\/uploads\/2024\/10\/VK-construction-1-80x80-1.png\" class=\"wp-image-1243 avia-img-lazy-loading-not-1243 attachment-no scaling size-no scaling\" alt=\"\" srcset=\"https:\/\/vkenc.com\/wp-content\/uploads\/2024\/10\/VK-construction-1-80x80-1.png 80w, https:\/\/vkenc.com\/wp-content\/uploads\/2024\/10\/VK-construction-1-80x80-1-36x36.png 36w\" sizes=\"(max-width: 80px) 100vw, 80px\" \/><\/div><div data-avia-tooltip=\"KHL E&C Vietnam Construction Investment Co., Ltd\" class='slide-entry av-m2pkwixl-fb739f48c976abd43fb227767ba6dc3d flex_column no_margin av_one_fourth real-thumbnail post-entry slide-entry-overview slide-loop-3 slide-parity-odd  '><img decoding=\"async\" fetchpriority=\"high\" width=\"80\" height=\"80\" src=\"https:\/\/vkenc.com\/wp-content\/uploads\/2024\/10\/KHL-ENC-1-80x80-1.png\" class=\"wp-image-1252 avia-img-lazy-loading-not-1252 attachment-no scaling size-no scaling\" alt=\"\" srcset=\"https:\/\/vkenc.com\/wp-content\/uploads\/2024\/10\/KHL-ENC-1-80x80-1.png 80w, https:\/\/vkenc.com\/wp-content\/uploads\/2024\/10\/KHL-ENC-1-80x80-1-36x36.png 36w\" sizes=\"(max-width: 80px) 100vw, 80px\" \/><\/div><div data-avia-tooltip=\"VK Investment & Service Co., Ltd\" class='slide-entry av-m2pkx7qo-9bc552442187e2601df22b5c20d2faab flex_column no_margin av_one_fourth real-thumbnail post-entry slide-entry-overview slide-loop-4 slide-parity-even post-entry-last '><img decoding=\"async\" fetchpriority=\"high\" width=\"80\" height=\"80\" src=\"https:\/\/vkenc.com\/wp-content\/uploads\/2024\/10\/K-Chicken-1-80x80-1.png\" class=\"wp-image-1248 avia-img-lazy-loading-not-1248 attachment-no scaling size-no scaling\" alt=\"\" srcset=\"https:\/\/vkenc.com\/wp-content\/uploads\/2024\/10\/K-Chicken-1-80x80-1.png 80w, https:\/\/vkenc.com\/wp-content\/uploads\/2024\/10\/K-Chicken-1-80x80-1-36x36.png 36w\" sizes=\"(max-width: 80px) 100vw, 80px\" \/><\/div><\/div><\/div><\/div>\n","protected":false},"excerpt":{"rendered":"","protected":false},"author":1,"featured_media":0,"parent":0,"menu_order":0,"comment_status":"closed","ping_status":"closed","template":"","meta":{"footnotes":""},"class_list":["post-1597","page","type-page","status-publish","hentry"],"_links":{"self":[{"href":"https:\/\/vkenc.com\/vi\/wp-json\/wp\/v2\/pages\/1597","targetHints":{"allow":["GET"]}}],"collection":[{"href":"https:\/\/vkenc.com\/vi\/wp-json\/wp\/v2\/pages"}],"about":[{"href":"https:\/\/vkenc.com\/vi\/wp-json\/wp\/v2\/types\/page"}],"author":[{"embeddable":true,"href":"https:\/\/vkenc.com\/vi\/wp-json\/wp\/v2\/users\/1"}],"replies":[{"embeddable":true,"href":"https:\/\/vkenc.com\/vi\/wp-json\/wp\/v2\/comments?post=1597"}],"version-history":[{"count":1,"href":"https:\/\/vkenc.com\/vi\/wp-json\/wp\/v2\/pages\/1597\/revisions"}],"predecessor-version":[{"id":1660,"href":"https:\/\/vkenc.com\/vi\/wp-json\/wp\/v2\/pages\/1597\/revisions\/1660"}],"wp:attachment":[{"href":"https:\/\/vkenc.com\/vi\/wp-json\/wp\/v2\/media?parent=1597"}],"curies":[{"name":"wp","href":"https:\/\/api.w.org\/{rel}","templated":true}]}}