{"id":1600,"date":"2015-10-15T15:32:40","date_gmt":"2015-10-15T15:32:40","guid":{"rendered":"https:\/\/vietnamtravel.fun\/contact\/"},"modified":"2025-07-15T04:32:39","modified_gmt":"2025-07-15T04:32:39","slug":"contact","status":"publish","type":"page","link":"https:\/\/vkenc.com\/vi\/contact\/","title":{"rendered":"Li\u00ean h\u1ec7"},"content":{"rendered":"\n<style type=\"text\/css\" data-created_by=\"avia_inline_auto\" id=\"style-css-av-98r6n-cd615e51d8e6a07c035caee99337721f\">\n.flex_column.av-98r6n-cd615e51d8e6a07c035caee99337721f{\nborder-radius:0px 0px 0px 0px;\npadding:0px 0px 0px 0px;\n}\n<\/style>\n<div  class='flex_column av-98r6n-cd615e51d8e6a07c035caee99337721f av_two_third  avia-builder-el-0  el_before_av_one_third  avia-builder-el-first  first flex_column_div av-animated-generic bottom-to-top av-zero-column-padding  '     ><section  class='av_textblock_section av-m2yf8q7k-975bb7cac27d14a0b8495af67869f7d6 '   itemscope=\"itemscope\" itemtype=\"https:\/\/schema.org\/CreativeWork\" ><div class='avia_textblock'  itemprop=\"text\" ><p style=\"text-align: center;\"><iframe src=\"https:\/\/www.google.com\/maps\/embed?pb=!1m18!1m12!1m3!1d3724.31140219656!2d105.79472137592518!3d21.007808788496707!2m3!1f0!2f0!3f0!3m2!1i1024!2i768!4f13.1!3m3!1m2!1s0x3135ab36f8c2d39d%3A0x27310388e794e0f7!2sVK%20construction!5e0!3m2!1svi!2s!4v1749095056653!5m2!1svi!2s\" width=\"600\" height=\"450\" style=\"border:0;\" allowfullscreen=\"\" loading=\"lazy\" referrerpolicy=\"no-referrer-when-downgrade\"><\/iframe><\/p>\n<\/div><\/section><br \/>\n\n<style type=\"text\/css\" data-created_by=\"avia_inline_auto\" id=\"style-css-av-8szz7-8fd3046be83e065a804281bf7606fc55\">\n#top .av-special-heading.av-8szz7-8fd3046be83e065a804281bf7606fc55{\npadding-bottom:0;\n}\nbody .av-special-heading.av-8szz7-8fd3046be83e065a804281bf7606fc55 .av-special-heading-tag .heading-char{\nfont-size:25px;\n}\n.av-special-heading.av-8szz7-8fd3046be83e065a804281bf7606fc55 .av-subheading{\nfont-size:15px;\n}\n<\/style>\n<div  class='av-special-heading av-8szz7-8fd3046be83e065a804281bf7606fc55 av-special-heading-h3 blockquote modern-quote  avia-builder-el-2  el_after_av_textblock  el_before_av_hr '><h3 class='av-special-heading-tag '  itemprop=\"headline\"  >Li\u00ean h\u1ec7 ch\u00fang t\u00f4i<\/h3><div class=\"special-heading-border\"><div class=\"special-heading-inner-border\"><\/div><\/div><\/div><br \/>\n\n<style type=\"text\/css\" data-created_by=\"avia_inline_auto\" id=\"style-css-av-82sdr-82d29458294c80608c8398cc4fbd855a\">\n#top .hr.av-82sdr-82d29458294c80608c8398cc4fbd855a{\nmargin-top:10px;\nmargin-bottom:10px;\n}\n.hr.av-82sdr-82d29458294c80608c8398cc4fbd855a .hr-inner{\nwidth:50px;\nborder-color:#efbb20;\n}\n<\/style>\n<div  class='hr av-82sdr-82d29458294c80608c8398cc4fbd855a hr-custom  avia-builder-el-3  el_after_av_heading  el_before_av_textblock  hr-left hr-icon-no'><span class='hr-inner inner-border-av-border-fat'><span class=\"hr-inner-style\"><\/span><\/span><\/div><br \/>\n<section  class='av_textblock_section av-28pkn-b9ee8833426aabc2725d40c234e858e9 '   itemscope=\"itemscope\" itemtype=\"https:\/\/schema.org\/CreativeWork\" ><div class='avia_textblock'  itemprop=\"text\" ><section class=\"av_textblock_section av-22hcf-65d1f464f211337bf4f0e904da2d74fa\">\n<div class=\"avia_textblock\">\n<p>Qu\u00fd kh\u00e1ch c\u00f3 nhu c\u1ea7u li\u00ean h\u1ec7 v\u1edbi c\u00e1c ph\u00f2ng ban c\u1ee5 th\u1ec3 ho\u1eb7c c\u1ea7n th\u1eafc m\u1eafc \u0111i\u1ec1u g\u00ec, vui l\u00f2ng \u0111i\u1ec1n v\u00e0o c\u00e1c \u00f4 d\u01b0\u1edbi \u0111\u00e2y.<\/p>\n<\/div>\n<\/section>\n<\/div><\/section><br \/>\n<form action=\"https:\/\/vkenc.com\/vi\/contact\/\" method=\"post\" data-fields-with-error=\"Found errors in the following field(s):\" class=\"avia_ajax_form av-form-labels-visible   avia-builder-el-5  el_after_av_textblock  avia-builder-el-last   \" data-avia-form-id=\"1\" data-avia-redirect=''  aria-label='Contact Form' ><fieldset><p class='  first_form  form_element form_element_half' id='element_avia_1_1'><label for=\"avia_1_1\">H\u1ecd t\u00ean <abbr class=\"required\" title=\"required\">*<\/abbr><\/label> <input name=\"avia_1_1\" class=\"text_input is_empty\" type=\"text\" id=\"avia_1_1\" value=\"\" \/><\/p><p class='  form_element form_element_half' id='element_avia_2_1'><label for=\"avia_2_1\">E-Mail <abbr class=\"required\" title=\"required\">*<\/abbr><\/label> <input name=\"avia_2_1\" class=\"text_input is_email\" type=\"text\" id=\"avia_2_1\" value=\"\" \/><\/p><p class='  first_form  form_element form_element_half' id='element_avia_3_1'><label for=\"avia_3_1\">Ch\u1ee7 \u0111\u1ec1 <abbr class=\"required\" title=\"required\">*<\/abbr><\/label> <input name=\"avia_3_1\" class=\"text_input is_empty\" type=\"text\" id=\"avia_3_1\" value=\"\" \/><\/p><p class='  form_element form_element_half' id='element_avia_4_1'><label for=\"avia_4_1\">B\u1ed9 ph\u1eadn<\/label><select  name=\"avia_4_1\" class=\"select \" id=\"avia_4_1\"><option   value='Ban l\u00e3nh \u0111\u1ea1o'>Ban l\u00e3nh \u0111\u1ea1o<\/option><option   value='Kinh doanh'>Kinh doanh<\/option><option   value='K\u1ef9 thu\u1eadt'>K\u1ef9 thu\u1eadt<\/option><option   value='K\u1ebf to\u00e1n'>K\u1ebf to\u00e1n<\/option><\/select><\/p><p class='  first_form  form_element form_fullwidth' id='element_avia_5_1'><label for=\"avia_5_1\" class=\"textare_label hidden textare_label_avia_5_1\">N\u1ed9i dung <abbr class=\"required\" title=\"required\">*<\/abbr><\/label><textarea  name=\"avia_5_1\" class=\"text_area is_empty\" cols=\"40\" rows=\"7\" id=\"avia_5_1\" ><\/textarea><\/p><p class=\"hidden\"><input type=\"text\" name=\"avia_6_1\" class=\"hidden \" id=\"avia_6_1\" value=\"\" \/><\/p><p class='   form_element form_fullwidth' id='element_avia_7_1'><span class='value_verifier_label'>1 + 7 = ?<\/span><input name=\"avia_7_1_verifier\" type=\"hidden\" id=\"avia_7_1_verifier\" value=\"775383884\"\/><label for=\"avia_7_1\">Please prove that you are human by solving the equation <abbr class=\"required\" title=\"required\">*<\/abbr><\/label><input name=\"avia_7_1\" class=\"text_input captcha\" type=\"text\" id=\"avia_7_1\" value=\"\"\/><\/p><p class=\"form_element \"><input type=\"hidden\" value=\"1\" name=\"avia_generated_form1\" \/><input type=\"submit\" value=\"G\u1eedi \u0111i\" class=\"button\"  data-sending-label=\"Sending\"\/><\/p><\/fieldset><\/form><div id=\"ajaxresponse_1\" class=\"ajaxresponse ajaxresponse_1 hidden\"><\/div><\/p><\/div>\n\n<style type=\"text\/css\" data-created_by=\"avia_inline_auto\" id=\"style-css-av-3t21n-0d6092c9dd25a02365d8d2b6fd895d41\">\n.flex_column.av-3t21n-0d6092c9dd25a02365d8d2b6fd895d41{\nborder-radius:0px 0px 0px 0px;\npadding:0px 0px 0px 0px;\n}\n<\/style>\n<div  class='flex_column av-3t21n-0d6092c9dd25a02365d8d2b6fd895d41 av_one_third  avia-builder-el-6  el_after_av_two_third  avia-builder-el-last  flex_column_div av-animated-generic bottom-to-top av-zero-column-padding  '     ><p>\n<style type=\"text\/css\" data-created_by=\"avia_inline_auto\" id=\"style-css-av-33nxb-91a3041f90b5043118e4f743ddc00335\">\n#top .av-special-heading.av-33nxb-91a3041f90b5043118e4f743ddc00335{\npadding-bottom:0;\n}\nbody .av-special-heading.av-33nxb-91a3041f90b5043118e4f743ddc00335 .av-special-heading-tag .heading-char{\nfont-size:25px;\n}\n.av-special-heading.av-33nxb-91a3041f90b5043118e4f743ddc00335 .av-subheading{\nfont-size:15px;\n}\n<\/style>\n<div  class='av-special-heading av-33nxb-91a3041f90b5043118e4f743ddc00335 av-special-heading-h3 blockquote modern-quote  avia-builder-el-7  el_before_av_hr  avia-builder-el-first '><h3 class='av-special-heading-tag '  itemprop=\"headline\"  >Th\u00f4ng tin li\u00ean h\u1ec7<\/h3><div class=\"special-heading-border\"><div class=\"special-heading-inner-border\"><\/div><\/div><\/div><br \/>\n\n<style type=\"text\/css\" data-created_by=\"avia_inline_auto\" id=\"style-css-av-2m17b-09d9fa6cfdf2f5fe1c4c2d90feb85b15\">\n#top .hr.av-2m17b-09d9fa6cfdf2f5fe1c4c2d90feb85b15{\nmargin-top:10px;\nmargin-bottom:10px;\n}\n.hr.av-2m17b-09d9fa6cfdf2f5fe1c4c2d90feb85b15 .hr-inner{\nwidth:50px;\nborder-color:#efbb20;\n}\n<\/style>\n<div  class='hr av-2m17b-09d9fa6cfdf2f5fe1c4c2d90feb85b15 hr-custom  avia-builder-el-8  el_after_av_heading  el_before_av_hr  hr-left hr-icon-no'><span class='hr-inner inner-border-av-border-fat'><span class=\"hr-inner-style\"><\/span><\/span><\/div><br \/>\n\n<style type=\"text\/css\" data-created_by=\"avia_inline_auto\" id=\"style-css-av-1ajhb-f4d4d7021db779f04cc50ffcce8c8f5b\">\n#top .hr.av-1ajhb-f4d4d7021db779f04cc50ffcce8c8f5b{\nmargin-top:10px;\nmargin-bottom:10px;\n}\n.hr.av-1ajhb-f4d4d7021db779f04cc50ffcce8c8f5b .hr-inner{\nwidth:50px;\nborder-color:#efbb20;\n}\n<\/style>\n<div  class='hr av-1ajhb-f4d4d7021db779f04cc50ffcce8c8f5b hr-custom  avia-builder-el-9  el_after_av_hr  el_before_av_textblock  hr-left hr-icon-no'><span class='hr-inner inner-border-av-border-fat'><span class=\"hr-inner-style\"><\/span><\/span><\/div><br \/>\n<section  class='av_textblock_section av-w9fr-bade217e6a20cbf93e816c8e9af3ea61 '   itemscope=\"itemscope\" itemtype=\"https:\/\/schema.org\/CreativeWork\" ><div class='avia_textblock'  itemprop=\"text\" ><p><strong>C\u00d4NG TY TNHH T\u01af V\u1ea4N \u0110\u1ea6U T\u01af VK<\/strong><\/p>\n<p><strong>\u0110\u1ecba ch\u1ec9:<\/strong><br \/>\nP. 1012A, t\u1ea7ng 10, to\u00e0 nh\u00e0 Charmvit, 117 Tr\u1ea7n Duy H\u01b0ng, P. Y\u00ean H\u00f2a, H\u00e0 N\u1ed9i.<\/p>\n<p><strong>\u0110i\u1ec7n tho\u1ea1i:<\/strong><br \/>\n(+84.24) 3556 7422<\/p>\n<p><strong>Email:<\/strong><br \/>\ninfo@vkenc.com<\/p>\n<p><strong>MST:<\/strong><br \/>\n0109717726<\/p>\n<p><strong>Gi\u1edd l\u00e0m vi\u1ec7c:<\/strong><br \/>\nTh\u1ee9 hai-Th\u1ee9 s\u00e1u: 8:00-17:30<br \/>\nTh\u1ee9 b\u1ea3y: 8:00-12:00<br \/>\nCh\u1ee7 nh\u1eadt: ngh\u1ec9<\/p>\n<\/div><\/section><\/p><\/div>\n","protected":false},"excerpt":{"rendered":"","protected":false},"author":1,"featured_media":0,"parent":0,"menu_order":0,"comment_status":"closed","ping_status":"closed","template":"","meta":{"footnotes":""},"class_list":["post-1600","page","type-page","status-publish","hentry"],"_links":{"self":[{"href":"https:\/\/vkenc.com\/vi\/wp-json\/wp\/v2\/pages\/1600","targetHints":{"allow":["GET"]}}],"collection":[{"href":"https:\/\/vkenc.com\/vi\/wp-json\/wp\/v2\/pages"}],"about":[{"href":"https:\/\/vkenc.com\/vi\/wp-json\/wp\/v2\/types\/page"}],"author":[{"embeddable":true,"href":"https:\/\/vkenc.com\/vi\/wp-json\/wp\/v2\/users\/1"}],"replies":[{"embeddable":true,"href":"https:\/\/vkenc.com\/vi\/wp-json\/wp\/v2\/comments?post=1600"}],"version-history":[{"count":4,"href":"https:\/\/vkenc.com\/vi\/wp-json\/wp\/v2\/pages\/1600\/revisions"}],"predecessor-version":[{"id":2582,"href":"https:\/\/vkenc.com\/vi\/wp-json\/wp\/v2\/pages\/1600\/revisions\/2582"}],"wp:attachment":[{"href":"https:\/\/vkenc.com\/vi\/wp-json\/wp\/v2\/media?parent=1600"}],"curies":[{"name":"wp","href":"https:\/\/api.w.org\/{rel}","templated":true}]}}