{"id":1609,"date":"2024-10-25T09:33:33","date_gmt":"2024-10-25T09:33:33","guid":{"rendered":"https:\/\/vietnamtravel.fun\/message-from-ceo\/"},"modified":"2024-10-27T04:01:30","modified_gmt":"2024-10-27T04:01:30","slug":"message-from-ceo","status":"publish","type":"page","link":"https:\/\/vkenc.com\/vi\/message-from-ceo\/","title":{"rendered":"Th\u00f4ng \u0111i\u1ec7p c\u1ee7a TG\u0110"},"content":{"rendered":"<div  class='avia-slideshow av-m2ojamql-090b44c524ee5c30dde57f816c6ff089 avia-slideshow-featured_large av_slideshow avia-fade-slider  avia-builder-el-0  el_before_av_one_full  avia-builder-el-first  av-slideshow-ui av-control-default av-slideshow-autoplay av-loop-endless av-loop-manual-endless av-default-height-applied avia-slideshow-1' data-slideshow-options=\"{&quot;animation&quot;:&quot;fade&quot;,&quot;autoplay&quot;:true,&quot;loop_autoplay&quot;:&quot;endless&quot;,&quot;interval&quot;:5,&quot;loop_manual&quot;:&quot;manual-endless&quot;,&quot;autoplay_stopper&quot;:false,&quot;noNavigation&quot;:false,&quot;bg_slider&quot;:false,&quot;keep_padding&quot;:false,&quot;hoverpause&quot;:false,&quot;show_slide_delay&quot;:0}\"  itemprop=\"image\" itemscope=\"itemscope\" itemtype=\"https:\/\/schema.org\/ImageObject\" ><ul class='avia-slideshow-inner ' style='padding-bottom: 42%;'><li  class='avia-slideshow-slide av-m2ojamql-090b44c524ee5c30dde57f816c6ff089__0  slide-1 slide-odd'><div data-rel='slideshow-1' class='avia-slide-wrap '   ><img decoding=\"async\" fetchpriority=\"high\" class=\"wp-image-1163 avia-img-lazy-loading-not-1163\"  src=\"https:\/\/vkenc.com\/wp-content\/uploads\/2024\/10\/About_title_1.jpg\" width=\"1500\" height=\"630\" title='About_title_1' alt=''  itemprop=\"thumbnailUrl\" srcset=\"https:\/\/vkenc.com\/wp-content\/uploads\/2024\/10\/About_title_1.jpg 1500w, https:\/\/vkenc.com\/wp-content\/uploads\/2024\/10\/About_title_1-300x126.jpg 300w, https:\/\/vkenc.com\/wp-content\/uploads\/2024\/10\/About_title_1-1030x433.jpg 1030w, https:\/\/vkenc.com\/wp-content\/uploads\/2024\/10\/About_title_1-768x323.jpg 768w, https:\/\/vkenc.com\/wp-content\/uploads\/2024\/10\/About_title_1-705x296.jpg 705w\" sizes=\"(max-width: 1500px) 100vw, 1500px\" \/><\/div><\/li><li  class='avia-slideshow-slide av-m2ojamql-090b44c524ee5c30dde57f816c6ff089__1  slide-2 slide-even'><div data-rel='slideshow-1' class='avia-slide-wrap '   ><img decoding=\"async\" fetchpriority=\"high\" class=\"wp-image-1167 avia-img-lazy-loading-not-1167\"  src=\"https:\/\/vkenc.com\/wp-content\/uploads\/2024\/10\/About_title_2.jpg\" width=\"1500\" height=\"630\" title='About_title_2' alt=''  itemprop=\"thumbnailUrl\" srcset=\"https:\/\/vkenc.com\/wp-content\/uploads\/2024\/10\/About_title_2.jpg 1500w, https:\/\/vkenc.com\/wp-content\/uploads\/2024\/10\/About_title_2-300x126.jpg 300w, https:\/\/vkenc.com\/wp-content\/uploads\/2024\/10\/About_title_2-1030x433.jpg 1030w, https:\/\/vkenc.com\/wp-content\/uploads\/2024\/10\/About_title_2-768x323.jpg 768w, https:\/\/vkenc.com\/wp-content\/uploads\/2024\/10\/About_title_2-705x296.jpg 705w\" sizes=\"(max-width: 1500px) 100vw, 1500px\" \/><\/div><\/li><li  class='avia-slideshow-slide av-m2ojamql-090b44c524ee5c30dde57f816c6ff089__2  slide-3 slide-odd'><div data-rel='slideshow-1' class='avia-slide-wrap '   ><img decoding=\"async\" fetchpriority=\"high\" class=\"wp-image-1171 avia-img-lazy-loading-not-1171\"  src=\"https:\/\/vkenc.com\/wp-content\/uploads\/2024\/10\/About_title_3.jpg\" width=\"1500\" height=\"630\" title='About_title_3' alt=''  itemprop=\"thumbnailUrl\" srcset=\"https:\/\/vkenc.com\/wp-content\/uploads\/2024\/10\/About_title_3.jpg 1500w, https:\/\/vkenc.com\/wp-content\/uploads\/2024\/10\/About_title_3-300x126.jpg 300w, https:\/\/vkenc.com\/wp-content\/uploads\/2024\/10\/About_title_3-1030x433.jpg 1030w, https:\/\/vkenc.com\/wp-content\/uploads\/2024\/10\/About_title_3-768x323.jpg 768w, https:\/\/vkenc.com\/wp-content\/uploads\/2024\/10\/About_title_3-705x296.jpg 705w\" sizes=\"(max-width: 1500px) 100vw, 1500px\" \/><\/div><\/li><li  class='avia-slideshow-slide av-m2ojamql-090b44c524ee5c30dde57f816c6ff089__3  slide-4 slide-even'><div data-rel='slideshow-1' class='avia-slide-wrap '   ><img decoding=\"async\" fetchpriority=\"high\" class=\"wp-image-1175 avia-img-lazy-loading-not-1175\"  src=\"https:\/\/vkenc.com\/wp-content\/uploads\/2024\/10\/About_title_4.jpg\" width=\"1500\" height=\"630\" title='About_title_4' alt=''  itemprop=\"thumbnailUrl\" srcset=\"https:\/\/vkenc.com\/wp-content\/uploads\/2024\/10\/About_title_4.jpg 1500w, https:\/\/vkenc.com\/wp-content\/uploads\/2024\/10\/About_title_4-300x126.jpg 300w, https:\/\/vkenc.com\/wp-content\/uploads\/2024\/10\/About_title_4-1030x433.jpg 1030w, https:\/\/vkenc.com\/wp-content\/uploads\/2024\/10\/About_title_4-768x323.jpg 768w, https:\/\/vkenc.com\/wp-content\/uploads\/2024\/10\/About_title_4-705x296.jpg 705w\" sizes=\"(max-width: 1500px) 100vw, 1500px\" \/><\/div><\/li><li  class='avia-slideshow-slide av-m2ojamql-090b44c524ee5c30dde57f816c6ff089__4  slide-5 slide-odd'><div data-rel='slideshow-1' class='avia-slide-wrap '   ><img decoding=\"async\" fetchpriority=\"high\" class=\"wp-image-1179 avia-img-lazy-loading-not-1179\"  src=\"https:\/\/vkenc.com\/wp-content\/uploads\/2024\/10\/About_title_5.jpg\" width=\"1500\" height=\"630\" title='About_title_5' alt=''  itemprop=\"thumbnailUrl\" srcset=\"https:\/\/vkenc.com\/wp-content\/uploads\/2024\/10\/About_title_5.jpg 1500w, https:\/\/vkenc.com\/wp-content\/uploads\/2024\/10\/About_title_5-300x126.jpg 300w, https:\/\/vkenc.com\/wp-content\/uploads\/2024\/10\/About_title_5-1030x433.jpg 1030w, https:\/\/vkenc.com\/wp-content\/uploads\/2024\/10\/About_title_5-768x323.jpg 768w, https:\/\/vkenc.com\/wp-content\/uploads\/2024\/10\/About_title_5-705x296.jpg 705w\" sizes=\"(max-width: 1500px) 100vw, 1500px\" \/><\/div><\/li><li  class='avia-slideshow-slide av-m2ojamql-090b44c524ee5c30dde57f816c6ff089__5  slide-6 slide-even'><div data-rel='slideshow-1' class='avia-slide-wrap '   ><img decoding=\"async\" fetchpriority=\"high\" class=\"wp-image-1183 avia-img-lazy-loading-not-1183\"  src=\"https:\/\/vkenc.com\/wp-content\/uploads\/2024\/10\/About_title_6.jpg\" width=\"1500\" height=\"630\" title='About_title_6' alt=''  itemprop=\"thumbnailUrl\" srcset=\"https:\/\/vkenc.com\/wp-content\/uploads\/2024\/10\/About_title_6.jpg 1500w, https:\/\/vkenc.com\/wp-content\/uploads\/2024\/10\/About_title_6-300x126.jpg 300w, https:\/\/vkenc.com\/wp-content\/uploads\/2024\/10\/About_title_6-1030x433.jpg 1030w, https:\/\/vkenc.com\/wp-content\/uploads\/2024\/10\/About_title_6-768x323.jpg 768w, https:\/\/vkenc.com\/wp-content\/uploads\/2024\/10\/About_title_6-705x296.jpg 705w\" sizes=\"(max-width: 1500px) 100vw, 1500px\" \/><\/div><\/li><\/ul><div class='avia-slideshow-arrows avia-slideshow-controls' ><a href='#prev' class='prev-slide ' aria-hidden='true' data-av_icon='\ue87c' data-av_iconfont='entypo-fontello'  tabindex='-1'>Previous<\/a><a href='#next' class='next-slide ' aria-hidden='true' data-av_icon='\ue87d' data-av_iconfont='entypo-fontello'  tabindex='-1'>Next<\/a><\/div><div class='avia-slideshow-dots avia-slideshow-controls'><a href='#1' class='goto-slide active' >1<\/a><a href='#2' class='goto-slide ' >2<\/a><a href='#3' class='goto-slide ' >3<\/a><a href='#4' class='goto-slide ' >4<\/a><a href='#5' class='goto-slide ' >5<\/a><a href='#6' class='goto-slide ' >6<\/a><\/div><\/div>\n<div  class='flex_column av-6ba92r-f8dbbeaaba2fe9639f0966e528f66598 av_one_full  avia-builder-el-1  el_after_av_slideshow  el_before_av_one_half  first flex_column_div  '     ><p>\n<style type=\"text\/css\" data-created_by=\"avia_inline_auto\" id=\"style-css-av-m2oj071h-aac5884a87677b5dd2c66d27273e5c10\">\n#top .av-special-heading.av-m2oj071h-aac5884a87677b5dd2c66d27273e5c10{\npadding-bottom:10px;\n}\nbody .av-special-heading.av-m2oj071h-aac5884a87677b5dd2c66d27273e5c10 .av-special-heading-tag .heading-char{\nfont-size:25px;\n}\n.av-special-heading.av-m2oj071h-aac5884a87677b5dd2c66d27273e5c10 .av-subheading{\nfont-size:15px;\n}\n<\/style>\n<div  class='av-special-heading av-m2oj071h-aac5884a87677b5dd2c66d27273e5c10 av-special-heading-h2 blockquote modern-quote  avia-builder-el-2  el_before_av_hr  avia-builder-el-first '><h2 class='av-special-heading-tag '  itemprop=\"headline\"  >Th\u00f4ng \u0111i\u1ec7p c\u1ee7a T\u1ed5ng Gi\u00e1m \u0111\u1ed1c<\/h2><div class=\"special-heading-border\"><div class=\"special-heading-inner-border\"><\/div><\/div><\/div><br \/>\n\n<style type=\"text\/css\" data-created_by=\"avia_inline_auto\" id=\"style-css-av-m2oj1css-a32e44653aa7acca03611a436fda7a30\">\n#top .hr.av-m2oj1css-a32e44653aa7acca03611a436fda7a30{\nmargin-top:10px;\nmargin-bottom:10px;\n}\n.hr.av-m2oj1css-a32e44653aa7acca03611a436fda7a30 .hr-inner{\nwidth:50px;\nborder-color:#efbb20;\n}\n<\/style>\n<div  class='hr av-m2oj1css-a32e44653aa7acca03611a436fda7a30 hr-custom  avia-builder-el-3  el_after_av_heading  avia-builder-el-last  hr-left hr-icon-no'><span class='hr-inner inner-border-av-border-fat'><span class=\"hr-inner-style\"><\/span><\/span><\/div><\/p><\/div><div  class='flex_column av-4egr9f-360e17875cb4b0dbba474b6b83d325b3 av_one_half  avia-builder-el-4  el_after_av_one_full  el_before_av_one_half  first flex_column_div  column-top-margin'     ><p><section  class='av_textblock_section av-m2oj2qc5-85f5ce7da401c71de3c1a667b1803a25 '   itemscope=\"itemscope\" itemtype=\"https:\/\/schema.org\/CreativeWork\" ><div class='avia_textblock'  itemprop=\"text\" ><p><em>K\u00ednh ch\u00e0o Qu\u00fd kh\u00e1ch h\u00e0ng, \u0110\u1ed1i t\u00e1c\u200b<\/em><\/p>\n<p>L\u1eddi \u0111\u1ea7u ti\u00ean, thay m\u1eb7t C\u00f4ng ty TNHH \u0110\u1ea7u t\u01b0 X\u00e2y d\u1ef1ng VK (Vi\u1ebft t\u1eaft l\u00e0 VK) xin g\u1eedi t\u1edbi qu\u00fd kh\u00e1ch h\u00e0ng l\u1eddi ch\u00e0o tr\u00e2n tr\u1ecdng nh\u1ea5t!\u200b<\/p>\n<p>C\u00f4ng cu\u1ed9c c\u00f4ng nghi\u1ec7p h\u00f3a di\u1ec5n ra nhanh ch\u00f3ng k\u00e9o theo nhu c\u1ea7u x\u00e2y d\u1ef1ng v\u00e0 ph\u00e1t tri\u1ec3n h\u1ea1 t\u1ea7ng t\u0103ng cao. Nh\u1eb1m n\u00e2ng cao ch\u1ea5t l\u01b0\u1ee3ng, \u0111\u1ecbnh h\u01b0\u1edbng theo ti\u00eau chu\u1ea9n nh\u00e0 th\u1ea7u x\u00e2y d\u1ef1ng qu\u1ed1c t\u1ebf, VK ch\u00ednh th\u1ee9c \u0111\u01b0\u1ee3c th\u00e0nh l\u1eadp, ti\u1ec1n th\u00e2n l\u00e0 C\u00f4ng ty TNHH \u0110\u1ea7u t\u01b0 X\u00e2y D\u1ef1ng KHL E&amp;C Vi\u1ec7t Nam, th\u00e0nh l\u1eadp ng\u00e0y 20 th\u00e1ng 03 n\u0103m 2019.\u200b<\/p>\n<p>C\u00f4ng ty TNHH \u0110\u1ea7u t\u01b0 X\u00e2y d\u1ef1ng VK chuy\u00ean ho\u1ea1t \u0111\u1ed9ng trong l\u0129nh v\u1ef1c t\u01b0 v\u1ea5n qu\u1ea3n l\u00fd, thi\u1ebft k\u1ebf gi\u00e1m s\u00e1t v\u00e0 thi c\u00f4ng c\u00e1c nh\u00e0 m\u00e1y, khu c\u00f4ng nghi\u1ec7p, c\u00f4ng tr\u00ecnh d\u00e2n d\u1ee5ng, thi c\u00f4ng h\u1ea1 t\u1ea7ng, san l\u1ea5p m\u1eb7t b\u1eb1ng,\u2026\u200b<\/p>\n<p>D\u00f9 l\u00e0 doanh nghi\u1ec7p tu\u1ed5i ngh\u1ec1 tr\u1ebb, song v\u1edbi nhi\u1ec7t huy\u1ebft v\u00e0 kinh nghi\u1ec7m c\u1ee7a \u0111\u1ed9i ng\u0169 nh\u00e2n s\u1ef1 t\u00e0i n\u0103ng, c\u00f9ng h\u1ec7 th\u1ed1ng trang thi\u1ebft b\u1ecb m\u00e1y m\u00f3c hi\u1ec7n \u0111\u1ea1i, \u0111\u1ed3ng b\u1ed9 v\u1edbi ti\u00eau ch\u00ed ph\u1ee5c v\u1ee5 kh\u00e1ch h\u00e0ng b\u1eb1ng l\u01b0\u01a1ng t\u00e2m v\u00e0 tr\u00ed tu\u1ec7, VK lu\u00f4n n\u1ed7 l\u1ef1c bi\u1ebfn m\u1ecdi th\u00e1ch th\u1ee9c th\u00e0nh h\u00e0nh \u0111\u1ed9ng \u0111\u1ec3 mang t\u1edbi cho kh\u00e1ch h\u00e0ng s\u1ef1 h\u00e0i l\u00f2ng tuy\u1ec7t \u0111\u1ed1i.\u200b<\/p>\n<p>Ch\u1ea5t l\u01b0\u1ee3ng c\u00f4ng tr\u00ecnh ch\u00ednh l\u00e0 \u0111\u1ea1i di\u1ec7n cho uy t\u00edn v\u00e0 s\u1ef1 ph\u00e1t tri\u1ec3n c\u1ee7a VK. Ch\u00fang t\u00f4i cam k\u1ebft kh\u00f4ng ng\u1eebng \u0111\u1ed5i m\u1edbi, s\u00e1ng t\u1ea1o v\u00e0 h\u1ecdc h\u1ecfi, n\u1ed7 l\u1ef1c v\u00e0 t\u1eadn hi\u1ebfn, d\u1ef1ng x\u00e2y c\u00f4ng tr\u00ecnh b\u1eb1ng l\u01b0\u01a1ng t\u00e2m v\u00e0 tr\u00ed tu\u1ec7, mang l\u1ea1i nh\u1eefng gi\u00e1 tr\u1ecb t\u1ed1t nh\u1ea5t cho t\u1ea5t c\u1ea3 qu\u00fd kh\u00e1ch h\u00e0ng.\u200b<\/p>\n<\/div><\/section><br \/>\n<section  class='av_textblock_section av-m2oj329o-9d3095d4e7b008af608927d35653c45b '   itemscope=\"itemscope\" itemtype=\"https:\/\/schema.org\/CreativeWork\" ><div class='avia_textblock'  itemprop=\"text\" ><p style=\"text-align: center;\"><strong>T\u1ed5ng Gi\u00e1m \u0111\u1ed1c<\/strong><br \/>\n<strong>Nguy\u1ec5n Qu\u1ed1c Kh\u00e1nh \u200b<\/strong><br \/>\n<em>(\u0110\u00e3 k\u00fd)<\/em><\/p>\n<\/div><\/section><\/p><\/div><div  class='flex_column av-32ev0z-b64a755a113e9ae73dabb6122a28e36d av_one_half  avia-builder-el-7  el_after_av_one_half  avia-builder-el-last  flex_column_div  column-top-margin'     ><style type=\"text\/css\" data-created_by=\"avia_inline_auto\" id=\"style-css-av-m2oj8na6-b98ba250b9ce0431b40ebe6fde424f3b\">\n.avia-image-container.av-m2oj8na6-b98ba250b9ce0431b40ebe6fde424f3b img.avia_image{\nbox-shadow:none;\n}\n.avia-image-container.av-m2oj8na6-b98ba250b9ce0431b40ebe6fde424f3b .av-image-caption-overlay-center{\ncolor:#ffffff;\n}\n<\/style>\n<div  class='avia-image-container av-m2oj8na6-b98ba250b9ce0431b40ebe6fde424f3b av-styling- avia-align-center  avia-builder-el-8  avia-builder-el-no-sibling '   itemprop=\"image\" itemscope=\"itemscope\" itemtype=\"https:\/\/schema.org\/ImageObject\" ><div class=\"avia-image-container-inner\"><div class=\"avia-image-overlay-wrap\"><img decoding=\"async\" fetchpriority=\"high\" class='wp-image-1159 avia-img-lazy-loading-not-1159 avia_image ' src=\"https:\/\/vkenc.com\/wp-content\/uploads\/2024\/10\/About_Managers-760x1030.jpg\" alt='' title='About_Managers'  height=\"1030\" width=\"760\"  itemprop=\"thumbnailUrl\" srcset=\"https:\/\/vkenc.com\/wp-content\/uploads\/2024\/10\/About_Managers-760x1030.jpg 760w, https:\/\/vkenc.com\/wp-content\/uploads\/2024\/10\/About_Managers-221x300.jpg 221w, https:\/\/vkenc.com\/wp-content\/uploads\/2024\/10\/About_Managers-768x1041.jpg 768w, https:\/\/vkenc.com\/wp-content\/uploads\/2024\/10\/About_Managers-1134x1536.jpg 1134w, https:\/\/vkenc.com\/wp-content\/uploads\/2024\/10\/About_Managers-1512x2048.jpg 1512w, https:\/\/vkenc.com\/wp-content\/uploads\/2024\/10\/About_Managers-1107x1500.jpg 1107w, https:\/\/vkenc.com\/wp-content\/uploads\/2024\/10\/About_Managers-520x705.jpg 520w, https:\/\/vkenc.com\/wp-content\/uploads\/2024\/10\/About_Managers.jpg 1660w\" sizes=\"(max-width: 760px) 100vw, 760px\" \/><\/div><\/div><\/div><\/div><\/p>\n","protected":false},"excerpt":{"rendered":"","protected":false},"author":1,"featured_media":0,"parent":0,"menu_order":0,"comment_status":"closed","ping_status":"closed","template":"","meta":{"footnotes":""},"class_list":["post-1609","page","type-page","status-publish","hentry"],"_links":{"self":[{"href":"https:\/\/vkenc.com\/vi\/wp-json\/wp\/v2\/pages\/1609","targetHints":{"allow":["GET"]}}],"collection":[{"href":"https:\/\/vkenc.com\/vi\/wp-json\/wp\/v2\/pages"}],"about":[{"href":"https:\/\/vkenc.com\/vi\/wp-json\/wp\/v2\/types\/page"}],"author":[{"embeddable":true,"href":"https:\/\/vkenc.com\/vi\/wp-json\/wp\/v2\/users\/1"}],"replies":[{"embeddable":true,"href":"https:\/\/vkenc.com\/vi\/wp-json\/wp\/v2\/comments?post=1609"}],"version-history":[{"count":1,"href":"https:\/\/vkenc.com\/vi\/wp-json\/wp\/v2\/pages\/1609\/revisions"}],"predecessor-version":[{"id":1662,"href":"https:\/\/vkenc.com\/vi\/wp-json\/wp\/v2\/pages\/1609\/revisions\/1662"}],"wp:attachment":[{"href":"https:\/\/vkenc.com\/vi\/wp-json\/wp\/v2\/media?parent=1609"}],"curies":[{"name":"wp","href":"https:\/\/api.w.org\/{rel}","templated":true}]}}