{"id":2271,"date":"2025-05-14T08:17:45","date_gmt":"2025-05-14T08:17:45","guid":{"rendered":"https:\/\/vkenc.com\/company-profile\/"},"modified":"2025-06-20T06:49:27","modified_gmt":"2025-06-20T06:49:27","slug":"company-profile","status":"publish","type":"page","link":"https:\/\/vkenc.com\/vi\/company-profile\/","title":{"rendered":"H\u1ed3 s\u01a1 n\u0103ng l\u1ef1c"},"content":{"rendered":"\n<style type=\"text\/css\" data-created_by=\"avia_inline_auto\" id=\"style-css-av-manp2int-9eb2c0506f903c9fa2d92a6e54eaaafe\">\n#top .av-special-heading.av-manp2int-9eb2c0506f903c9fa2d92a6e54eaaafe{\npadding-bottom:10px;\n}\nbody .av-special-heading.av-manp2int-9eb2c0506f903c9fa2d92a6e54eaaafe .av-special-heading-tag .heading-char{\nfont-size:25px;\n}\n.av-special-heading.av-manp2int-9eb2c0506f903c9fa2d92a6e54eaaafe .av-subheading{\nfont-size:15px;\n}\n<\/style>\n<div  class='av-special-heading av-manp2int-9eb2c0506f903c9fa2d92a6e54eaaafe av-special-heading-h3 blockquote modern-quote modern-centered  avia-builder-el-0  el_before_av_hr  avia-builder-el-first '><h3 class='av-special-heading-tag '  itemprop=\"headline\"  >H\u1ed2 S\u01a0 N\u0102NG L\u1ef0C C\u00d4NG TY<\/h3><div class='av-subheading av-subheading_below'><p>Nh\u1ea5n v\u00e0o \u1ea3nh b\u00ean d\u01b0\u1edbi \u0111\u1ec3 t\u1ea3i t\u1eadp h\u1ed3 s\u01a1 n\u0103ng l\u1ef1c c\u1ee7a c\u00f4ng ty ch\u00fang t\u00f4i.<\/p>\n<\/div><div class=\"special-heading-border\"><div class=\"special-heading-inner-border\"><\/div><\/div><\/div>\n<div  class='hr av-manp354s-7c61bc8840ba4115c750dfc273ac5d3d hr-short  avia-builder-el-1  el_after_av_heading  el_before_av_textblock  hr-center'><span class='hr-inner '><span class=\"hr-inner-style\"><\/span><\/span><\/div>\n<section  class='av_textblock_section av-mano3mi4-4c707c7475be57f6d091ec6ddec7b983 '   itemscope=\"itemscope\" itemtype=\"https:\/\/schema.org\/CreativeWork\" ><div class='avia_textblock'  itemprop=\"text\" ><p style=\"text-align: center;\"><div class=\"_df_book df-lite\" id=\"df_2226\"  _slug=\"profile-eng\" data-title=\"profile-eng\" wpoptions=\"true\" thumb=\"https:\/\/vkenc.com\/wp-content\/uploads\/2025\/05\/VK-Cons-Vie-Eng-print_Artboard-1.png\" thumbtype=\"\" ><\/div><script class=\"df-shortcode-script\" nowprocket type=\"application\/javascript\">window.option_df_2226 = {\"outline\":[],\"autoEnableOutline\":\"false\",\"autoEnableThumbnail\":\"false\",\"overwritePDFOutline\":\"false\",\"backgroundImage\":\"https:\\\/\\\/vkenc.com\\\/wp-content\\\/uploads\\\/2025\\\/05\\\/PC_BG-scaled.jpg\",\"direction\":\"1\",\"pageSize\":\"0\",\"source\":\"https:\\\/\\\/vkenc.com\\\/wp-content\\\/uploads\\\/2025\\\/05\\\/VK-construction-profile-English.pdf\",\"wpOptions\":\"true\"}; if(window.DFLIP && window.DFLIP.parseBooks){window.DFLIP.parseBooks();}<\/script><\/p>\n<\/div><\/section>\n","protected":false},"excerpt":{"rendered":"","protected":false},"author":1,"featured_media":2231,"parent":0,"menu_order":0,"comment_status":"closed","ping_status":"closed","template":"","meta":{"footnotes":""},"class_list":["post-2271","page","type-page","status-publish","has-post-thumbnail","hentry"],"_links":{"self":[{"href":"https:\/\/vkenc.com\/vi\/wp-json\/wp\/v2\/pages\/2271","targetHints":{"allow":["GET"]}}],"collection":[{"href":"https:\/\/vkenc.com\/vi\/wp-json\/wp\/v2\/pages"}],"about":[{"href":"https:\/\/vkenc.com\/vi\/wp-json\/wp\/v2\/types\/page"}],"author":[{"embeddable":true,"href":"https:\/\/vkenc.com\/vi\/wp-json\/wp\/v2\/users\/1"}],"replies":[{"embeddable":true,"href":"https:\/\/vkenc.com\/vi\/wp-json\/wp\/v2\/comments?post=2271"}],"version-history":[{"count":2,"href":"https:\/\/vkenc.com\/vi\/wp-json\/wp\/v2\/pages\/2271\/revisions"}],"predecessor-version":[{"id":2549,"href":"https:\/\/vkenc.com\/vi\/wp-json\/wp\/v2\/pages\/2271\/revisions\/2549"}],"wp:featuredmedia":[{"embeddable":true,"href":"https:\/\/vkenc.com\/vi\/wp-json\/wp\/v2\/media\/2231"}],"wp:attachment":[{"href":"https:\/\/vkenc.com\/vi\/wp-json\/wp\/v2\/media?parent=2271"}],"curies":[{"name":"wp","href":"https:\/\/api.w.org\/{rel}","templated":true}]}}